{"id":1137,"date":"2023-09-19T09:00:00","date_gmt":"2023-09-19T09:00:00","guid":{"rendered":"https:\/\/hxpcompany.com\/?post_type=product&#038;p=1137"},"modified":"2025-11-19T13:45:11","modified_gmt":"2025-11-19T13:45:11","slug":"smart-meter-chint-380v","status":"publish","type":"product","link":"http:\/\/hxpcompany.com\/en\/product\/smart-meter-chint-380v\/","title":{"rendered":"Smart Meter CHINT 380V"},"content":{"rendered":"","protected":false},"excerpt":{"rendered":"<p>Chint DTSU666 con\u00e7u pour la surveillance de la puissance et la mesure de l&rsquo;\u00e9nergie dans les syst\u00e8mes \u00e9lectriques. Il appartient \u00e0 une g\u00e9n\u00e9ration d&rsquo;instruments intelligents et programmables, int\u00e9gr\u00e9s \u00e0 des fonctions de mesure et de communication, principalement destin\u00e9s \u00e0 \u00eatre utilis\u00e9s dans les mesures en temps r\u00e9el et la visualisation de param\u00e8tres \u00e9lectriques tels que la tension, le courant, la puissance active, la puissance r\u00e9active, la fr\u00e9quence, le facteur de puissance et un appareil SEC pour la collecte de donn\u00e9es.<\/p>\n<p>&nbsp;<\/p>","protected":false},"featured_media":1139,"comment_status":"open","ping_status":"closed","template":"","meta":{"rank_math_lock_modified_date":false},"product_cat":[56],"product_tag":[],"class_list":{"0":"post-1137","1":"product","2":"type-product","3":"status-publish","4":"has-post-thumbnail","6":"product_cat-accessoires","8":"first","9":"instock","10":"shipping-taxable","11":"purchasable","12":"product-type-simple"},"_links":{"self":[{"href":"http:\/\/hxpcompany.com\/en\/wp-json\/wp\/v2\/product\/1137","targetHints":{"allow":["GET"]}}],"collection":[{"href":"http:\/\/hxpcompany.com\/en\/wp-json\/wp\/v2\/product"}],"about":[{"href":"http:\/\/hxpcompany.com\/en\/wp-json\/wp\/v2\/types\/product"}],"replies":[{"embeddable":true,"href":"http:\/\/hxpcompany.com\/en\/wp-json\/wp\/v2\/comments?post=1137"}],"wp:featuredmedia":[{"embeddable":true,"href":"http:\/\/hxpcompany.com\/en\/wp-json\/wp\/v2\/media\/1139"}],"wp:attachment":[{"href":"http:\/\/hxpcompany.com\/en\/wp-json\/wp\/v2\/media?parent=1137"}],"wp:term":[{"taxonomy":"product_cat","embeddable":true,"href":"http:\/\/hxpcompany.com\/en\/wp-json\/wp\/v2\/product_cat?post=1137"},{"taxonomy":"product_tag","embeddable":true,"href":"http:\/\/hxpcompany.com\/en\/wp-json\/wp\/v2\/product_tag?post=1137"}],"curies":[{"name":"wp","href":"https:\/\/api.w.org\/{rel}","templated":true}]}}